{"id":214,"date":"2014-01-27T02:06:23","date_gmt":"2014-01-27T02:06:23","guid":{"rendered":"https:\/\/orindahorsemen.org\/?page_id=214"},"modified":"2017-06-27T14:27:05","modified_gmt":"2017-06-27T14:27:05","slug":"activities","status":"publish","type":"page","link":"http:\/\/orindahorsemen.org\/?page_id=214","title":{"rendered":"Activities"},"content":{"rendered":"<p>Activities<\/p>\n<p>During the early years the annual meetings and picnics were special<br \/>\nevents. The girls planned special horse events with prizes for winners. Robin<br \/>\nPhillips and daughters planned games while other members took care of the<br \/>\nbarbecue. Camp Padre in Tilden Park was also reserved. Participation of<br \/>\nmembers and families was enthusiastic. Oak groves in the pasture were often<br \/>\npicnic sites. Members came by horseback and in the springtime picnicked<br \/>\namong the poppies, lupines and green grass when it didn\u00edt rain!<\/p>\n<p>In the announcement of the annual meeting in 1973, Becky Kemsley<br \/>\nurged \u00eball members and their families to bring a picnic lunch and join the partygames!<br \/>\nprizes! Use the new arena\u00ed.<\/p>\n<ul>Events:<\/p>\n<li>On and off double bareback ( get a partner)<\/li>\n<li>Barrel race (against the clock)<\/li>\n<li>Musical horses<\/li>\n<li>Adult and child (under 18) drinking contest<\/li>\n<li>Potato race: up and back carrying potato in a spoon!<\/li>\n<li>Costume: race to end of arena, get off horse, put on dress,<br \/>\nmount horse and return<\/li>\n<li>Thread the needle- mother has to sew on button<\/li>\n<\/ul>\n<p>Recreational horseback riding is the raison d\u00edetre of the OHA. Since<br \/>\nthe pasture adjoins Tilden Park and EBMUD range lands, members have easy<br \/>\naccess to those areas and to more distant parks such as Sibley, Redwood, and<br \/>\nBriones. OHA members are blessed with rolling hills, verdant meadows, forests<br \/>\nand countless miles of scenic trails at their beck and call. Their only limitation<br \/>\nis time. It has been said that the East Bay Trails System is among the best<br \/>\nurban hiking and riding trail system in the world. On behalf of the OHA, Lucile<br \/>\nArnon wrote EBMUD in 1973 expressing appreciation for the new trail along<br \/>\nthe eastern shore of Briones Reservoir. She commented on the scenic beauty,<br \/>\ndiverse flora, and a wonderful riding experience.<\/p>\n<p>Organized trail rides to destinations such as Roundtop (above the<br \/>\ntunnel), Briones Park or the \u00ebgrand Canyon\u00ed (Wildcat Canyon) via Nimitz Way<br \/>\nwere popular in the 1970s. During the 1980s, Victor Johnson organized and<br \/>\nlead many popular trail rides, winding up with food and drink aplenty. More<br \/>\nrecently OHA members have participated in Tilden-Wilcat Association sponsored<br \/>\nrides.<\/p>\n<p>Overall, interest in group activities has diminished. The membership is<br \/>\nolder and people have tended to pursue their individual interests. The OHA is<br \/>\nnow a more mature organization. Many OHA members have become active in<br \/>\nthe Tilden-Wildcat group which is comprised primarily of non OHA members..<br \/>\nMembers of OHA have supported the building and maintenance of<br \/>\nriding and hiking trails.OHA is a member of the East Bay Trails Council,<br \/>\nrepresented in the 1970\u00eds by Lucile Arnon and Bob Lewman. Loren Furtado<br \/>\nand Bob Lewman participated in activities of the California State Horseman\u00eds<br \/>\nAssociation. Es Anderson, Lucile Arnon and Bob Lewman participated, as did<br \/>\nMorris Older later on in the 1980\u00eds and 1990\u00eds, in the Tilden Wildcat<br \/>\nHorsemans Association which promotes better trails in the regional park areas<br \/>\nand also hosts group rides, overnight camp-outs and playdays, often in Tilden<br \/>\nPark.<\/p>\n<p>Other members also devote time to working on the trails. \u00ebTrail Days\u00ed<br \/>\nare popular meeting times where people perform useful work and get acquainted<br \/>\nwith others of similar interest. Trail Day events are usually organized<br \/>\nby EBMUD or the Regional Parks, and include a barbecue and tee shirts for<br \/>\nparticipants. Recognizing the importance of working on the trails, the OHA<br \/>\nBoard in the late 1980\u00eds voted to allow members work hours credit for<br \/>\nparticipation in organized trail work outside of the pasture boundaries.<\/p>\n<p>The annual Grand National Horse Show and Rodeo at the Cow Palace<br \/>\nattracts Orinda horse people. During the early 1970\u00eds, Bob Lewman rode with<br \/>\nthe Color Guard at the opening ceremonies. One year OHA took advantage of<br \/>\na California State Horseman\u00eds Association discount ticket program and<br \/>\nseventen OHA members attended the Grand Natinals together. In the 1990\u00eds,<br \/>\nOHA joined with the Tilden Wildcat group, the San Ramon Valley Horseman,<br \/>\nthe Contra Costa Horseman, and the Moraga Horseman in sponsoring the<br \/>\n\u00ebRide for the Ridge\u00ed and \u00ebTri for the Ridge\u00ed the following year, to raise funds<br \/>\nfor completion of the Ridge Trail. Morris Older lead a large group of Orinda<br \/>\nHorseman on these rides. Also, to support a local Orinda event, Heidi Kader,<br \/>\nLens Cogdell and Gailyn Johnson have ridden in the Fourth of July Parade<br \/>\nwhich is a sometimes annual event for the OHA.<\/p>\n<p>Endurance riding has become a popular activity with the influx of<br \/>\nArabian horses into the pasture. Shirley Delsart is OHA\u00eds premier distance<br \/>\nrider. She has won many awards in major events with her horse K.J. Destination.<br \/>\nEqual credit goes to Shirley for outstanding horsewomanship! Morris<br \/>\nOlder, Linda Davidson, Lisa Jordan, Jane &amp; Cynthia Binder, Heather Felt, and<br \/>\nLiz Strauss have also competed enthusiastically. Jane Binder has also had<br \/>\nnotable success in her specialty of Trail Trials. Many members continue to<br \/>\nwork diligently on developing and honing their horsemanship skills in areas of<br \/>\ninterest.<\/p>\n","protected":false},"excerpt":{"rendered":"<p>Activities During the early years the annual meetings and picnics were special events. The girls planned special horse events with prizes for winners. Robin Phillips and daughters planned games while other members took care of the barbecue. Camp Padre in Tilden Park was also reserved. Participation of members and families was enthusiastic. Oak groves in&hellip;&nbsp;<a href=\"http:\/\/orindahorsemen.org\/?page_id=214\" rel=\"bookmark\">Read More &raquo;<span class=\"screen-reader-text\">Activities<\/span><\/a><\/p>\n","protected":false},"author":1,"featured_media":0,"parent":147,"menu_order":0,"comment_status":"closed","ping_status":"closed","template":"","meta":{"_bbp_topic_count":0,"_bbp_reply_count":0,"_bbp_total_topic_count":0,"_bbp_total_reply_count":0,"_bbp_voice_count":0,"_bbp_anonymous_reply_count":0,"_bbp_topic_count_hidden":0,"_bbp_reply_count_hidden":0,"_bbp_forum_subforum_count":0,"neve_meta_sidebar":"","neve_meta_container":"","neve_meta_enable_content_width":"","neve_meta_content_width":0,"neve_meta_title_alignment":"","neve_meta_author_avatar":"","neve_post_elements_order":"","neve_meta_disable_header":"","neve_meta_disable_footer":"","neve_meta_disable_title":"","footnotes":""},"categories":[],"tags":[],"_links":{"self":[{"href":"http:\/\/orindahorsemen.org\/index.php?rest_route=\/wp\/v2\/pages\/214"}],"collection":[{"href":"http:\/\/orindahorsemen.org\/index.php?rest_route=\/wp\/v2\/pages"}],"about":[{"href":"http:\/\/orindahorsemen.org\/index.php?rest_route=\/wp\/v2\/types\/page"}],"author":[{"embeddable":true,"href":"http:\/\/orindahorsemen.org\/index.php?rest_route=\/wp\/v2\/users\/1"}],"replies":[{"embeddable":true,"href":"http:\/\/orindahorsemen.org\/index.php?rest_route=%2Fwp%2Fv2%2Fcomments&post=214"}],"version-history":[{"count":2,"href":"http:\/\/orindahorsemen.org\/index.php?rest_route=\/wp\/v2\/pages\/214\/revisions"}],"predecessor-version":[{"id":811,"href":"http:\/\/orindahorsemen.org\/index.php?rest_route=\/wp\/v2\/pages\/214\/revisions\/811"}],"up":[{"embeddable":true,"href":"http:\/\/orindahorsemen.org\/index.php?rest_route=\/wp\/v2\/pages\/147"}],"wp:attachment":[{"href":"http:\/\/orindahorsemen.org\/index.php?rest_route=%2Fwp%2Fv2%2Fmedia&parent=214"}],"wp:term":[{"taxonomy":"category","embeddable":true,"href":"http:\/\/orindahorsemen.org\/index.php?rest_route=%2Fwp%2Fv2%2Fcategories&post=214"},{"taxonomy":"post_tag","embeddable":true,"href":"http:\/\/orindahorsemen.org\/index.php?rest_route=%2Fwp%2Fv2%2Ftags&post=214"}],"curies":[{"name":"wp","href":"https:\/\/api.w.org\/{rel}","templated":true}]}}